{"id":5022,"date":"2023-08-11T14:53:34","date_gmt":"2023-08-11T11:53:34","guid":{"rendered":"http:\/\/normgas.com\/?post_type=product&#038;p=5022"},"modified":"2025-05-26T16:45:54","modified_gmt":"2025-05-26T13:45:54","slug":"tcm03-0001sicak-hava-uretici-caldo-tr30-35-kw","status":"publish","type":"product","link":"https:\/\/normgas.com\/?product=tcm03-0001sicak-hava-uretici-caldo-tr30-35-kw","title":{"rendered":"TCM03-0001\tSICAK HAVA \u00dcRET\u0130C\u0130 CALDO TR30 35 KW"},"content":{"rendered":"<p>SICAK HAVA \u00dcRET\u0130C\u0130 CALDO TR30 35 KW<\/p>\n","protected":false},"excerpt":{"rendered":"<p>SICAK HAVA \u00dcRET\u0130C\u0130 CALDO TR30 35 KW<\/p>\n","protected":false},"featured_media":5023,"comment_status":"open","ping_status":"closed","template":"","meta":[],"product_cat":[129],"product_tag":[],"yoast_head":"<!-- This site is optimized with the Yoast SEO plugin v19.8 - https:\/\/yoast.com\/wordpress\/plugins\/seo\/ -->\n<title>TCM03-0001 SICAK HAVA \u00dcRET\u0130C\u0130 CALDO TR30 35 KW - Normgas<\/title>\n<meta name=\"robots\" content=\"index, follow, max-snippet:-1, max-image-preview:large, max-video-preview:-1\" \/>\n<link rel=\"canonical\" href=\"https:\/\/normgas.com\/?product=tcm03-0001sicak-hava-uretici-caldo-tr30-35-kw\" \/>\n<meta property=\"og:locale\" content=\"tr_TR\" \/>\n<meta property=\"og:type\" content=\"article\" \/>\n<meta property=\"og:title\" content=\"TCM03-0001 SICAK HAVA \u00dcRET\u0130C\u0130 CALDO TR30 35 KW - Normgas\" \/>\n<meta property=\"og:description\" content=\"SICAK HAVA \u00dcRET\u0130C\u0130 CALDO TR30 35 KW\" \/>\n<meta property=\"og:url\" content=\"https:\/\/normgas.com\/?product=tcm03-0001sicak-hava-uretici-caldo-tr30-35-kw\" \/>\n<meta property=\"og:site_name\" content=\"Normgas\" \/>\n<meta property=\"article:modified_time\" content=\"2025-05-26T13:45:54+00:00\" \/>\n<meta property=\"og:image\" content=\"http:\/\/normgas.com\/wp-content\/uploads\/2023\/08\/NormGAS-Sicak-Hava-Ureteci.jpg\" \/>\n\t<meta property=\"og:image:width\" content=\"750\" \/>\n\t<meta property=\"og:image:height\" content=\"824\" \/>\n\t<meta property=\"og:image:type\" content=\"image\/jpeg\" \/>\n<meta name=\"twitter:card\" content=\"summary_large_image\" \/>\n<meta name=\"twitter:label1\" content=\"Tahmini okuma s\u00fcresi\" \/>\n\t<meta name=\"twitter:data1\" content=\"1 dakika\" \/>\n<script type=\"application\/ld+json\" class=\"yoast-schema-graph\">{\"@context\":\"https:\/\/schema.org\",\"@graph\":[{\"@type\":\"WebPage\",\"@id\":\"https:\/\/normgas.com\/?product=tcm03-0001sicak-hava-uretici-caldo-tr30-35-kw\",\"url\":\"https:\/\/normgas.com\/?product=tcm03-0001sicak-hava-uretici-caldo-tr30-35-kw\",\"name\":\"TCM03-0001 SICAK HAVA \u00dcRET\u0130C\u0130 CALDO TR30 35 KW - Normgas\",\"isPartOf\":{\"@id\":\"http:\/\/normgas.com\/#website\"},\"datePublished\":\"2023-08-11T11:53:34+00:00\",\"dateModified\":\"2025-05-26T13:45:54+00:00\",\"breadcrumb\":{\"@id\":\"https:\/\/normgas.com\/?product=tcm03-0001sicak-hava-uretici-caldo-tr30-35-kw#breadcrumb\"},\"inLanguage\":\"tr\",\"potentialAction\":[{\"@type\":\"ReadAction\",\"target\":[\"https:\/\/normgas.com\/?product=tcm03-0001sicak-hava-uretici-caldo-tr30-35-kw\"]}]},{\"@type\":\"BreadcrumbList\",\"@id\":\"https:\/\/normgas.com\/?product=tcm03-0001sicak-hava-uretici-caldo-tr30-35-kw#breadcrumb\",\"itemListElement\":[{\"@type\":\"ListItem\",\"position\":1,\"name\":\"Home\",\"item\":\"https:\/\/normgas.com\/\"},{\"@type\":\"ListItem\",\"position\":2,\"name\":\"\u00dcr\u00fcnler\",\"item\":\"http:\/\/normgas.com\/?page_id=1705\"},{\"@type\":\"ListItem\",\"position\":3,\"name\":\"TCM03-0001 SICAK HAVA \u00dcRET\u0130C\u0130 CALDO TR30 35 KW\"}]},{\"@type\":\"WebSite\",\"@id\":\"http:\/\/normgas.com\/#website\",\"url\":\"http:\/\/normgas.com\/\",\"name\":\"Normgas\",\"description\":\"Heating Systems\",\"publisher\":{\"@id\":\"http:\/\/normgas.com\/#organization\"},\"potentialAction\":[{\"@type\":\"SearchAction\",\"target\":{\"@type\":\"EntryPoint\",\"urlTemplate\":\"http:\/\/normgas.com\/?s={search_term_string}\"},\"query-input\":\"required name=search_term_string\"}],\"inLanguage\":\"tr\"},{\"@type\":\"Organization\",\"@id\":\"http:\/\/normgas.com\/#organization\",\"name\":\"Normgas\",\"url\":\"http:\/\/normgas.com\/\",\"sameAs\":[],\"logo\":{\"@type\":\"ImageObject\",\"inLanguage\":\"tr\",\"@id\":\"http:\/\/normgas.com\/#\/schema\/logo\/image\/\",\"url\":\"https:\/\/normgas.com\/wp-content\/uploads\/2022\/11\/cropped-cropped-normgas-heating-systems-4-1-1.png\",\"contentUrl\":\"https:\/\/normgas.com\/wp-content\/uploads\/2022\/11\/cropped-cropped-normgas-heating-systems-4-1-1.png\",\"width\":285,\"height\":127,\"caption\":\"Normgas\"},\"image\":{\"@id\":\"http:\/\/normgas.com\/#\/schema\/logo\/image\/\"}}]}<\/script>\n<!-- \/ Yoast SEO plugin. -->","yoast_head_json":{"title":"TCM03-0001 SICAK HAVA \u00dcRET\u0130C\u0130 CALDO TR30 35 KW - Normgas","robots":{"index":"index","follow":"follow","max-snippet":"max-snippet:-1","max-image-preview":"max-image-preview:large","max-video-preview":"max-video-preview:-1"},"canonical":"https:\/\/normgas.com\/?product=tcm03-0001sicak-hava-uretici-caldo-tr30-35-kw","og_locale":"tr_TR","og_type":"article","og_title":"TCM03-0001 SICAK HAVA \u00dcRET\u0130C\u0130 CALDO TR30 35 KW - Normgas","og_description":"SICAK HAVA \u00dcRET\u0130C\u0130 CALDO TR30 35 KW","og_url":"https:\/\/normgas.com\/?product=tcm03-0001sicak-hava-uretici-caldo-tr30-35-kw","og_site_name":"Normgas","article_modified_time":"2025-05-26T13:45:54+00:00","og_image":[{"width":750,"height":824,"url":"http:\/\/normgas.com\/wp-content\/uploads\/2023\/08\/NormGAS-Sicak-Hava-Ureteci.jpg","type":"image\/jpeg"}],"twitter_card":"summary_large_image","twitter_misc":{"Tahmini okuma s\u00fcresi":"1 dakika"},"schema":{"@context":"https:\/\/schema.org","@graph":[{"@type":"WebPage","@id":"https:\/\/normgas.com\/?product=tcm03-0001sicak-hava-uretici-caldo-tr30-35-kw","url":"https:\/\/normgas.com\/?product=tcm03-0001sicak-hava-uretici-caldo-tr30-35-kw","name":"TCM03-0001 SICAK HAVA \u00dcRET\u0130C\u0130 CALDO TR30 35 KW - Normgas","isPartOf":{"@id":"http:\/\/normgas.com\/#website"},"datePublished":"2023-08-11T11:53:34+00:00","dateModified":"2025-05-26T13:45:54+00:00","breadcrumb":{"@id":"https:\/\/normgas.com\/?product=tcm03-0001sicak-hava-uretici-caldo-tr30-35-kw#breadcrumb"},"inLanguage":"tr","potentialAction":[{"@type":"ReadAction","target":["https:\/\/normgas.com\/?product=tcm03-0001sicak-hava-uretici-caldo-tr30-35-kw"]}]},{"@type":"BreadcrumbList","@id":"https:\/\/normgas.com\/?product=tcm03-0001sicak-hava-uretici-caldo-tr30-35-kw#breadcrumb","itemListElement":[{"@type":"ListItem","position":1,"name":"Home","item":"https:\/\/normgas.com\/"},{"@type":"ListItem","position":2,"name":"\u00dcr\u00fcnler","item":"http:\/\/normgas.com\/?page_id=1705"},{"@type":"ListItem","position":3,"name":"TCM03-0001 SICAK HAVA \u00dcRET\u0130C\u0130 CALDO TR30 35 KW"}]},{"@type":"WebSite","@id":"http:\/\/normgas.com\/#website","url":"http:\/\/normgas.com\/","name":"Normgas","description":"Heating Systems","publisher":{"@id":"http:\/\/normgas.com\/#organization"},"potentialAction":[{"@type":"SearchAction","target":{"@type":"EntryPoint","urlTemplate":"http:\/\/normgas.com\/?s={search_term_string}"},"query-input":"required name=search_term_string"}],"inLanguage":"tr"},{"@type":"Organization","@id":"http:\/\/normgas.com\/#organization","name":"Normgas","url":"http:\/\/normgas.com\/","sameAs":[],"logo":{"@type":"ImageObject","inLanguage":"tr","@id":"http:\/\/normgas.com\/#\/schema\/logo\/image\/","url":"https:\/\/normgas.com\/wp-content\/uploads\/2022\/11\/cropped-cropped-normgas-heating-systems-4-1-1.png","contentUrl":"https:\/\/normgas.com\/wp-content\/uploads\/2022\/11\/cropped-cropped-normgas-heating-systems-4-1-1.png","width":285,"height":127,"caption":"Normgas"},"image":{"@id":"http:\/\/normgas.com\/#\/schema\/logo\/image\/"}}]}},"_links":{"self":[{"href":"https:\/\/normgas.com\/index.php?rest_route=\/wp\/v2\/product\/5022"}],"collection":[{"href":"https:\/\/normgas.com\/index.php?rest_route=\/wp\/v2\/product"}],"about":[{"href":"https:\/\/normgas.com\/index.php?rest_route=\/wp\/v2\/types\/product"}],"replies":[{"embeddable":true,"href":"https:\/\/normgas.com\/index.php?rest_route=%2Fwp%2Fv2%2Fcomments&post=5022"}],"wp:featuredmedia":[{"embeddable":true,"href":"https:\/\/normgas.com\/index.php?rest_route=\/wp\/v2\/media\/5023"}],"wp:attachment":[{"href":"https:\/\/normgas.com\/index.php?rest_route=%2Fwp%2Fv2%2Fmedia&parent=5022"}],"wp:term":[{"taxonomy":"product_cat","embeddable":true,"href":"https:\/\/normgas.com\/index.php?rest_route=%2Fwp%2Fv2%2Fproduct_cat&post=5022"},{"taxonomy":"product_tag","embeddable":true,"href":"https:\/\/normgas.com\/index.php?rest_route=%2Fwp%2Fv2%2Fproduct_tag&post=5022"}],"curies":[{"name":"wp","href":"https:\/\/api.w.org\/{rel}","templated":true}]}}