{"id":5005,"date":"2023-08-11T12:01:07","date_gmt":"2023-08-11T09:01:07","guid":{"rendered":"http:\/\/normgas.com\/?post_type=product&#038;p=5005"},"modified":"2025-05-26T16:54:56","modified_gmt":"2025-05-26T13:54:56","slug":"nm800-1-10000nm-dogalgazli-camli-isitici-siyah-mtn-6gc-10000-w","status":"publish","type":"product","link":"https:\/\/normgas.com\/?product=nm800-1-10000nm-dogalgazli-camli-isitici-siyah-mtn-6gc-10000-w","title":{"rendered":"NM800-1-10000\tNM DO\u011eALGAZLI CAMLI ISITICI S\u0130YAH MTN-6GC 10000 W"},"content":{"rendered":"<ul>\n<li>Lcd Plazma Is\u0131ya Dayan\u0131kl\u0131 Transfer Cam Panel<\/li>\n<li>Korozyona Dayan\u0131kl\u0131 D\u0131\u015f \u00c7elik G\u00f6vde<\/li>\n<li>Paslanmaz \u00c7elik \u0130\u00e7 G\u00f6vde<\/li>\n<li>Hassas Test S\u00fcreci<\/li>\n<li>2 Y\u0131l \u0130malat\u00e7\u0131 Garantisi<\/li>\n<li>Opsiyonel \u00dcst Seramik<\/li>\n<li>Kafe, Restoran, Fabrika, Kafeterya, Depo, At\u00f6lye, Seralar, Tatil K\u00f6yleri, Spor Salonlar\u0131, Hayvan \u00c7iftlikleri, Bah\u00e7e ve \u0130badethaneler i\u00e7in Uygundur<\/li>\n<li>Bak\u0131ma \u0130htiyac\u0131 Yoktur Ekonomiktir<\/li>\n<li>R\u00fczgardan Etkilenmez<\/li>\n<li>3 Kademeli Uzaktan Kumandal\u0131 yada Manuel Kullan\u0131m kolayl\u0131\u011f\u0131<\/li>\n<li>Ayarlanabilir Ergonomik Ba\u011flant\u0131 Sistemi<\/li>\n<li>Maksimum Konfor ve Sa\u011fl\u0131kl\u0131 Is\u0131 Da\u011f\u0131l\u0131m\u0131<\/li>\n<li>\u00d6zel Renkler<\/li>\n<\/ul>\n","protected":false},"excerpt":{"rendered":"<p>Lcd Plazma Is\u0131ya Dayan\u0131kl\u0131 Transfer Cam Panel Korozyona Dayan\u0131kl\u0131 D\u0131\u015f \u00c7elik G\u00f6vde Paslanmaz \u00c7elik \u0130\u00e7 G\u00f6vde Hassas Test S\u00fcreci 2 Y\u0131l \u0130malat\u00e7\u0131 Garantisi Opsiyonel \u00dcst Seramik Kafe, Restoran, Fabrika, Kafeterya, Depo, At\u00f6lye, Seralar, Tatil K\u00f6yleri, Spor Salonlar\u0131, Hayvan \u00c7iftlikleri, Bah\u00e7e ve \u0130badethaneler i\u00e7in Uygundur Bak\u0131ma \u0130htiyac\u0131 Yoktur Ekonomiktir R\u00fczgardan Etkilenmez 3 Kademeli Uzaktan Kumandal\u0131 yada<br \/><a class=\"more-link\" href=\"https:\/\/normgas.com\/?product=nm800-1-10000nm-dogalgazli-camli-isitici-siyah-mtn-6gc-10000-w\"><br \/>\n        Read More<span class=\"screen-reader-text\"> &#8220;NM800-1-10000\tNM DO\u011eALGAZLI CAMLI ISITICI S\u0130YAH MTN-6GC 10000 W&#8221;<\/span><\/a><\/p>\n","protected":false},"featured_media":5009,"comment_status":"open","ping_status":"closed","template":"","meta":[],"product_cat":[51],"product_tag":[],"yoast_head":"<!-- This site is optimized with the Yoast SEO plugin v19.8 - https:\/\/yoast.com\/wordpress\/plugins\/seo\/ -->\n<title>NM800-1-10000 NM DO\u011eALGAZLI CAMLI ISITICI S\u0130YAH MTN-6GC 10000 W - Normgas<\/title>\n<meta name=\"robots\" content=\"index, follow, max-snippet:-1, max-image-preview:large, max-video-preview:-1\" \/>\n<link rel=\"canonical\" href=\"https:\/\/normgas.com\/?product=nm800-1-10000nm-dogalgazli-camli-isitici-siyah-mtn-6gc-10000-w\" \/>\n<meta property=\"og:locale\" content=\"tr_TR\" \/>\n<meta property=\"og:type\" content=\"article\" \/>\n<meta property=\"og:title\" content=\"NM800-1-10000 NM DO\u011eALGAZLI CAMLI ISITICI S\u0130YAH MTN-6GC 10000 W - Normgas\" \/>\n<meta property=\"og:description\" content=\"Lcd Plazma Is\u0131ya Dayan\u0131kl\u0131 Transfer Cam Panel Korozyona Dayan\u0131kl\u0131 D\u0131\u015f \u00c7elik G\u00f6vde Paslanmaz \u00c7elik \u0130\u00e7 G\u00f6vde Hassas Test S\u00fcreci 2 Y\u0131l \u0130malat\u00e7\u0131 Garantisi Opsiyonel \u00dcst Seramik Kafe, Restoran, Fabrika, Kafeterya, Depo, At\u00f6lye, Seralar, Tatil K\u00f6yleri, Spor Salonlar\u0131, Hayvan \u00c7iftlikleri, Bah\u00e7e ve \u0130badethaneler i\u00e7in Uygundur Bak\u0131ma \u0130htiyac\u0131 Yoktur Ekonomiktir R\u00fczgardan Etkilenmez 3 Kademeli Uzaktan Kumandal\u0131 yada     Read More &quot;NM800-1-10000 NM DO\u011eALGAZLI CAMLI ISITICI S\u0130YAH MTN-6GC 10000 W&quot;\" \/>\n<meta property=\"og:url\" content=\"https:\/\/normgas.com\/?product=nm800-1-10000nm-dogalgazli-camli-isitici-siyah-mtn-6gc-10000-w\" \/>\n<meta property=\"og:site_name\" content=\"Normgas\" \/>\n<meta property=\"article:modified_time\" content=\"2025-05-26T13:54:56+00:00\" \/>\n<meta property=\"og:image\" content=\"http:\/\/normgas.com\/wp-content\/uploads\/2023\/08\/10KW-Camli-Siyah-6-2.png\" \/>\n\t<meta property=\"og:image:width\" content=\"1920\" \/>\n\t<meta property=\"og:image:height\" content=\"1198\" \/>\n\t<meta property=\"og:image:type\" content=\"image\/png\" \/>\n<meta name=\"twitter:card\" content=\"summary_large_image\" \/>\n<meta name=\"twitter:label1\" content=\"Tahmini okuma s\u00fcresi\" \/>\n\t<meta name=\"twitter:data1\" content=\"1 dakika\" \/>\n<script type=\"application\/ld+json\" class=\"yoast-schema-graph\">{\"@context\":\"https:\/\/schema.org\",\"@graph\":[{\"@type\":\"WebPage\",\"@id\":\"https:\/\/normgas.com\/?product=nm800-1-10000nm-dogalgazli-camli-isitici-siyah-mtn-6gc-10000-w\",\"url\":\"https:\/\/normgas.com\/?product=nm800-1-10000nm-dogalgazli-camli-isitici-siyah-mtn-6gc-10000-w\",\"name\":\"NM800-1-10000 NM DO\u011eALGAZLI CAMLI ISITICI S\u0130YAH MTN-6GC 10000 W - Normgas\",\"isPartOf\":{\"@id\":\"http:\/\/normgas.com\/#website\"},\"datePublished\":\"2023-08-11T09:01:07+00:00\",\"dateModified\":\"2025-05-26T13:54:56+00:00\",\"breadcrumb\":{\"@id\":\"https:\/\/normgas.com\/?product=nm800-1-10000nm-dogalgazli-camli-isitici-siyah-mtn-6gc-10000-w#breadcrumb\"},\"inLanguage\":\"tr\",\"potentialAction\":[{\"@type\":\"ReadAction\",\"target\":[\"https:\/\/normgas.com\/?product=nm800-1-10000nm-dogalgazli-camli-isitici-siyah-mtn-6gc-10000-w\"]}]},{\"@type\":\"BreadcrumbList\",\"@id\":\"https:\/\/normgas.com\/?product=nm800-1-10000nm-dogalgazli-camli-isitici-siyah-mtn-6gc-10000-w#breadcrumb\",\"itemListElement\":[{\"@type\":\"ListItem\",\"position\":1,\"name\":\"Home\",\"item\":\"https:\/\/normgas.com\/\"},{\"@type\":\"ListItem\",\"position\":2,\"name\":\"\u00dcr\u00fcnler\",\"item\":\"http:\/\/normgas.com\/?page_id=1705\"},{\"@type\":\"ListItem\",\"position\":3,\"name\":\"NM800-1-10000 NM DO\u011eALGAZLI CAMLI ISITICI S\u0130YAH MTN-6GC 10000 W\"}]},{\"@type\":\"WebSite\",\"@id\":\"http:\/\/normgas.com\/#website\",\"url\":\"http:\/\/normgas.com\/\",\"name\":\"Normgas\",\"description\":\"Heating Systems\",\"publisher\":{\"@id\":\"http:\/\/normgas.com\/#organization\"},\"potentialAction\":[{\"@type\":\"SearchAction\",\"target\":{\"@type\":\"EntryPoint\",\"urlTemplate\":\"http:\/\/normgas.com\/?s={search_term_string}\"},\"query-input\":\"required name=search_term_string\"}],\"inLanguage\":\"tr\"},{\"@type\":\"Organization\",\"@id\":\"http:\/\/normgas.com\/#organization\",\"name\":\"Normgas\",\"url\":\"http:\/\/normgas.com\/\",\"sameAs\":[],\"logo\":{\"@type\":\"ImageObject\",\"inLanguage\":\"tr\",\"@id\":\"http:\/\/normgas.com\/#\/schema\/logo\/image\/\",\"url\":\"https:\/\/normgas.com\/wp-content\/uploads\/2022\/11\/cropped-cropped-normgas-heating-systems-4-1-1.png\",\"contentUrl\":\"https:\/\/normgas.com\/wp-content\/uploads\/2022\/11\/cropped-cropped-normgas-heating-systems-4-1-1.png\",\"width\":285,\"height\":127,\"caption\":\"Normgas\"},\"image\":{\"@id\":\"http:\/\/normgas.com\/#\/schema\/logo\/image\/\"}}]}<\/script>\n<!-- \/ Yoast SEO plugin. -->","yoast_head_json":{"title":"NM800-1-10000 NM DO\u011eALGAZLI CAMLI ISITICI S\u0130YAH MTN-6GC 10000 W - Normgas","robots":{"index":"index","follow":"follow","max-snippet":"max-snippet:-1","max-image-preview":"max-image-preview:large","max-video-preview":"max-video-preview:-1"},"canonical":"https:\/\/normgas.com\/?product=nm800-1-10000nm-dogalgazli-camli-isitici-siyah-mtn-6gc-10000-w","og_locale":"tr_TR","og_type":"article","og_title":"NM800-1-10000 NM DO\u011eALGAZLI CAMLI ISITICI S\u0130YAH MTN-6GC 10000 W - Normgas","og_description":"Lcd Plazma Is\u0131ya Dayan\u0131kl\u0131 Transfer Cam Panel Korozyona Dayan\u0131kl\u0131 D\u0131\u015f \u00c7elik G\u00f6vde Paslanmaz \u00c7elik \u0130\u00e7 G\u00f6vde Hassas Test S\u00fcreci 2 Y\u0131l \u0130malat\u00e7\u0131 Garantisi Opsiyonel \u00dcst Seramik Kafe, Restoran, Fabrika, Kafeterya, Depo, At\u00f6lye, Seralar, Tatil K\u00f6yleri, Spor Salonlar\u0131, Hayvan \u00c7iftlikleri, Bah\u00e7e ve \u0130badethaneler i\u00e7in Uygundur Bak\u0131ma \u0130htiyac\u0131 Yoktur Ekonomiktir R\u00fczgardan Etkilenmez 3 Kademeli Uzaktan Kumandal\u0131 yada     Read More \"NM800-1-10000 NM DO\u011eALGAZLI CAMLI ISITICI S\u0130YAH MTN-6GC 10000 W\"","og_url":"https:\/\/normgas.com\/?product=nm800-1-10000nm-dogalgazli-camli-isitici-siyah-mtn-6gc-10000-w","og_site_name":"Normgas","article_modified_time":"2025-05-26T13:54:56+00:00","og_image":[{"width":1920,"height":1198,"url":"http:\/\/normgas.com\/wp-content\/uploads\/2023\/08\/10KW-Camli-Siyah-6-2.png","type":"image\/png"}],"twitter_card":"summary_large_image","twitter_misc":{"Tahmini okuma s\u00fcresi":"1 dakika"},"schema":{"@context":"https:\/\/schema.org","@graph":[{"@type":"WebPage","@id":"https:\/\/normgas.com\/?product=nm800-1-10000nm-dogalgazli-camli-isitici-siyah-mtn-6gc-10000-w","url":"https:\/\/normgas.com\/?product=nm800-1-10000nm-dogalgazli-camli-isitici-siyah-mtn-6gc-10000-w","name":"NM800-1-10000 NM DO\u011eALGAZLI CAMLI ISITICI S\u0130YAH MTN-6GC 10000 W - Normgas","isPartOf":{"@id":"http:\/\/normgas.com\/#website"},"datePublished":"2023-08-11T09:01:07+00:00","dateModified":"2025-05-26T13:54:56+00:00","breadcrumb":{"@id":"https:\/\/normgas.com\/?product=nm800-1-10000nm-dogalgazli-camli-isitici-siyah-mtn-6gc-10000-w#breadcrumb"},"inLanguage":"tr","potentialAction":[{"@type":"ReadAction","target":["https:\/\/normgas.com\/?product=nm800-1-10000nm-dogalgazli-camli-isitici-siyah-mtn-6gc-10000-w"]}]},{"@type":"BreadcrumbList","@id":"https:\/\/normgas.com\/?product=nm800-1-10000nm-dogalgazli-camli-isitici-siyah-mtn-6gc-10000-w#breadcrumb","itemListElement":[{"@type":"ListItem","position":1,"name":"Home","item":"https:\/\/normgas.com\/"},{"@type":"ListItem","position":2,"name":"\u00dcr\u00fcnler","item":"http:\/\/normgas.com\/?page_id=1705"},{"@type":"ListItem","position":3,"name":"NM800-1-10000 NM DO\u011eALGAZLI CAMLI ISITICI S\u0130YAH MTN-6GC 10000 W"}]},{"@type":"WebSite","@id":"http:\/\/normgas.com\/#website","url":"http:\/\/normgas.com\/","name":"Normgas","description":"Heating Systems","publisher":{"@id":"http:\/\/normgas.com\/#organization"},"potentialAction":[{"@type":"SearchAction","target":{"@type":"EntryPoint","urlTemplate":"http:\/\/normgas.com\/?s={search_term_string}"},"query-input":"required name=search_term_string"}],"inLanguage":"tr"},{"@type":"Organization","@id":"http:\/\/normgas.com\/#organization","name":"Normgas","url":"http:\/\/normgas.com\/","sameAs":[],"logo":{"@type":"ImageObject","inLanguage":"tr","@id":"http:\/\/normgas.com\/#\/schema\/logo\/image\/","url":"https:\/\/normgas.com\/wp-content\/uploads\/2022\/11\/cropped-cropped-normgas-heating-systems-4-1-1.png","contentUrl":"https:\/\/normgas.com\/wp-content\/uploads\/2022\/11\/cropped-cropped-normgas-heating-systems-4-1-1.png","width":285,"height":127,"caption":"Normgas"},"image":{"@id":"http:\/\/normgas.com\/#\/schema\/logo\/image\/"}}]}},"_links":{"self":[{"href":"https:\/\/normgas.com\/index.php?rest_route=\/wp\/v2\/product\/5005"}],"collection":[{"href":"https:\/\/normgas.com\/index.php?rest_route=\/wp\/v2\/product"}],"about":[{"href":"https:\/\/normgas.com\/index.php?rest_route=\/wp\/v2\/types\/product"}],"replies":[{"embeddable":true,"href":"https:\/\/normgas.com\/index.php?rest_route=%2Fwp%2Fv2%2Fcomments&post=5005"}],"wp:featuredmedia":[{"embeddable":true,"href":"https:\/\/normgas.com\/index.php?rest_route=\/wp\/v2\/media\/5009"}],"wp:attachment":[{"href":"https:\/\/normgas.com\/index.php?rest_route=%2Fwp%2Fv2%2Fmedia&parent=5005"}],"wp:term":[{"taxonomy":"product_cat","embeddable":true,"href":"https:\/\/normgas.com\/index.php?rest_route=%2Fwp%2Fv2%2Fproduct_cat&post=5005"},{"taxonomy":"product_tag","embeddable":true,"href":"https:\/\/normgas.com\/index.php?rest_route=%2Fwp%2Fv2%2Fproduct_tag&post=5005"}],"curies":[{"name":"wp","href":"https:\/\/api.w.org\/{rel}","templated":true}]}}