{"id":4485,"date":"2022-11-15T00:55:21","date_gmt":"2022-11-14T21:55:21","guid":{"rendered":"http:\/\/normgas.com\/?post_type=product&#038;p=4485"},"modified":"2026-04-29T15:13:59","modified_gmt":"2026-04-29T12:13:59","slug":"infrared-kumandali","status":"publish","type":"product","link":"https:\/\/normgas.com\/?product=infrared-kumandali","title":{"rendered":"MTN-ES 2000w Siyah Kumandal\u0131"},"content":{"rendered":"<ul>\n<li>2000W A\u00e7\u0131k Alan Is\u0131tma Sistemi<\/li>\n<li>\u0130nfrared Uzun \u00d6m\u00fcrl\u00fc Lamba<\/li>\n<li>2 Y\u0131l \u0130malat\u00e7\u0131 Garantisi<\/li>\n<li>Ortalama 5000 Saat \u00c7al\u0131\u015fma \u00d6mr\u00fc<\/li>\n<li>Kafe, Restoran, Fabrika, Kafeterya, Depo, At\u00f6lye, Seralar, Tatil K\u00f6yleri, Spor Salonlar\u0131, Hayvan \u00c7iftlikleri, Bah\u00e7e ve \u0130badethaneler i\u00e7in Uygundur<br \/>\n&gt;Bak\u0131ma \u0130htiyac\u0131 Yoktur Ekonomiktir<\/li>\n<li>R\u00fczgardan Etkilenmez<\/li>\n<li>5 Kademe Uzaktan Kumandal\u0131<\/li>\n<li>Ayarlanabilir Ergonomik Ba\u011flant\u0131 Sistemi<\/li>\n<li>\u00d6zel RenklerDUVAR MONTE\/WALL MOUNT\u00a0 \u00a0 \u00a0 \u00a0 \u00a0 \u00a0 \u00a0 \u00a0 \u00a0 \u00a0 \u00a0 \u00a0 \u00a0 \u00a0 \u00a0 \u00a0 \u00a0 \u00a0 \u00a0 \u00a0 \u00a0 \u00a0 \u00a0TAVAN MONTE\/CEILING MOUNT<br \/>\n<table border=\"2\">\n<tbody>\n<tr>\n<td><\/td>\n<td>H<\/td>\n<td>Z<\/td>\n<td>Y<\/td>\n<td>X<\/td>\n<td>ORTALAMA<br \/>\nISITMA ALAN<\/td>\n<td><\/td>\n<td><\/td>\n<td><\/td>\n<td><\/td>\n<td>ORTALAMA<br \/>\nISITMA ALAN<\/td>\n<\/tr>\n<tr>\n<td rowspan=\"2\">MTN-E 3000W<\/td>\n<td>2m<\/td>\n<td>5m<\/td>\n<td>2,5m<\/td>\n<td>8m<\/td>\n<td>16m\u00b2<\/td>\n<td rowspan=\"2\">MTN-E 3000W<\/td>\n<td>\u00a02m<\/td>\n<td>7,5m<\/td>\n<td>2,5m<\/td>\n<td>19m\u00b2<\/td>\n<\/tr>\n<tr>\n<td>2,5m<\/td>\n<td>6m<\/td>\n<td>3m<\/td>\n<td>10,5m<\/td>\n<td>25m\u00b2<\/td>\n<td>2,5m<\/td>\n<td>10,5m<\/td>\n<td>3,5m<\/td>\n<td>35m\u00b2<\/td>\n<\/tr>\n<tr>\n<td><\/td>\n<td>H<\/td>\n<td>Z<\/td>\n<td>Y<\/td>\n<td>X<\/td>\n<td>ORTALAMA<br \/>\nISITMA ALAN<\/td>\n<td><strong>\u00a0<\/strong><\/td>\n<td><\/td>\n<td><\/td>\n<td><\/td>\n<td>ORTALAMA<br \/>\nISITMA ALAN<\/td>\n<\/tr>\n<tr>\n<td rowspan=\"2\">MTN-E 2000W<\/td>\n<td>2m<\/td>\n<td>3,7m<\/td>\n<td>2,5m<\/td>\n<td>6m<\/td>\n<td>12m\u00b2<\/td>\n<td rowspan=\"2\">MTN-E 2000W<\/td>\n<td>2m<\/td>\n<td>5,2m<\/td>\n<td>2,5m<\/td>\n<td>14m\u00b2<\/td>\n<\/tr>\n<tr>\n<td>2,5m<\/td>\n<td>4,5m<\/td>\n<td>3m<\/td>\n<td>7,6m<\/td>\n<td>19m\u00b2<\/td>\n<td>2,5m<\/td>\n<td>8m<\/td>\n<td>3,5m<\/td>\n<td>28m\u00b2<\/td>\n<\/tr>\n<tr>\n<td><\/td>\n<td>H<\/td>\n<td>Z<\/td>\n<td>Y<\/td>\n<td>X<\/td>\n<td>ORTALAMA<br \/>\nISITMA ALAN<\/td>\n<td><\/td>\n<td><\/td>\n<td><\/td>\n<td><\/td>\n<td>ORTALAMA<br \/>\nISITMA ALAN<\/td>\n<\/tr>\n<tr>\n<td rowspan=\"2\">MTN-E 1500W<\/td>\n<td>2m<\/td>\n<td>2,4m<\/td>\n<td>2,5m<\/td>\n<td>4m<\/td>\n<td>8m\u00b2<\/td>\n<td rowspan=\"2\">MTN-E 1500W<\/td>\n<td>2m<\/td>\n<td>3,5m<\/td>\n<td>2,5m<\/td>\n<td>9m\u00b2<\/td>\n<\/tr>\n<tr>\n<td>2,5m<\/td>\n<td>3m<\/td>\n<td>3m<\/td>\n<td>7,6m<\/td>\n<td>12,5m\u00b2<\/td>\n<td>2,5m<\/td>\n<td>5m<\/td>\n<td>3,5m<\/td>\n<td>17,85m\u00b2<\/td>\n<\/tr>\n<\/tbody>\n<\/table>\n<\/li>\n<\/ul>\n","protected":false},"excerpt":{"rendered":"<div><strong>Infrared Is\u0131tma \u00f6zelli\u011fi:<\/strong><\/div>\n<div>\n<p>Infrared Is\u0131tmaya \u00f6rnek vermek gerekirse d\u00fcnyam\u0131z\u0131n \u0131s\u0131nma kayna\u011f\u0131 olan g\u00fcne\u015fin verebiliriz,g\u00fcne\u015fin d\u00fcnyam\u0131z\u0131 \u0131s\u0131tt\u0131\u011f\u0131 gibi bir \u0131s\u0131tma ger\u00e7ekle\u015fir. \u00dcrettimini yapt\u0131\u011f\u0131m\u0131z infrared \u0131s\u0131t\u0131c\u0131lar geni\u015f alanlarda kullan\u0131lmakta yar\u0131 a\u00e7\u0131k ve a\u00e7\u0131k alanlarda,r\u00fczgarl\u0131 ya\u011fmurlu ve hatta karl\u0131 havalarda bile verimli bir \u015fekilde \u00e7al\u0131\u015fmaktad\u0131r.<\/p>\n<\/div>\n<div>Kullan\u0131m alan\u0131 olarak Cafeler,restorantlar,Camiler,spor salonlar\u0131,fabrika v.b. bir\u00e7ok alanda kullan\u0131labilir. Bizim kulland\u0131\u011f\u0131m\u0131z Halojen lambalar k\u0131sa dalga yayan \u0131s\u0131t\u0131c\u0131lard\u0131r a\u00e7\u0131ld\u0131\u011f\u0131 anda %90\u2019a yak\u0131n kar\u015f\u0131s\u0131ndaki y\u00fczeye etki eder.<\/div>\n","protected":false},"featured_media":4487,"comment_status":"open","ping_status":"closed","template":"","meta":[],"product_cat":[49],"product_tag":[],"yoast_head":"<!-- This site is optimized with the Yoast SEO plugin v19.8 - https:\/\/yoast.com\/wordpress\/plugins\/seo\/ -->\n<title>MTN-ES 2000w Siyah Kumandal\u0131 - Normgas<\/title>\n<meta name=\"robots\" content=\"index, follow, max-snippet:-1, max-image-preview:large, max-video-preview:-1\" \/>\n<link rel=\"canonical\" href=\"https:\/\/normgas.com\/?product=infrared-kumandali\" \/>\n<meta property=\"og:locale\" content=\"tr_TR\" \/>\n<meta property=\"og:type\" content=\"article\" \/>\n<meta property=\"og:title\" content=\"MTN-ES 2000w Siyah Kumandal\u0131 - Normgas\" \/>\n<meta property=\"og:description\" content=\"Infrared Is\u0131tma \u00f6zelli\u011fi:   Infrared Is\u0131tmaya \u00f6rnek vermek gerekirse d\u00fcnyam\u0131z\u0131n \u0131s\u0131nma kayna\u011f\u0131 olan g\u00fcne\u015fin verebiliriz,g\u00fcne\u015fin d\u00fcnyam\u0131z\u0131 \u0131s\u0131tt\u0131\u011f\u0131 gibi bir \u0131s\u0131tma ger\u00e7ekle\u015fir. \u00dcrettimini yapt\u0131\u011f\u0131m\u0131z infrared \u0131s\u0131t\u0131c\u0131lar geni\u015f alanlarda kullan\u0131lmakta yar\u0131 a\u00e7\u0131k ve a\u00e7\u0131k alanlarda,r\u00fczgarl\u0131 ya\u011fmurlu ve hatta karl\u0131 havalarda bile verimli bir \u015fekilde \u00e7al\u0131\u015fmaktad\u0131r.   Kullan\u0131m alan\u0131 olarak Cafeler,restorantlar,Camiler,spor salonlar\u0131,fabrika v.b. bir\u00e7ok alanda kullan\u0131labilir. Bizim kulland\u0131\u011f\u0131m\u0131z Halojen lambalar k\u0131sa dalga yayan \u0131s\u0131t\u0131c\u0131lard\u0131r a\u00e7\u0131ld\u0131\u011f\u0131 anda %90\u2019a yak\u0131n kar\u015f\u0131s\u0131ndaki y\u00fczeye etki eder.\" \/>\n<meta property=\"og:url\" content=\"https:\/\/normgas.com\/?product=infrared-kumandali\" \/>\n<meta property=\"og:site_name\" content=\"Normgas\" \/>\n<meta property=\"article:modified_time\" content=\"2026-04-29T12:13:59+00:00\" \/>\n<meta property=\"og:image\" content=\"http:\/\/normgas.com\/wp-content\/uploads\/2022\/11\/MTN-ES-2000W.png\" \/>\n\t<meta property=\"og:image:width\" content=\"2500\" \/>\n\t<meta property=\"og:image:height\" content=\"2500\" \/>\n\t<meta property=\"og:image:type\" content=\"image\/png\" \/>\n<meta name=\"twitter:card\" content=\"summary_large_image\" \/>\n<meta name=\"twitter:label1\" content=\"Tahmini okuma s\u00fcresi\" \/>\n\t<meta name=\"twitter:data1\" content=\"1 dakika\" \/>\n<script type=\"application\/ld+json\" class=\"yoast-schema-graph\">{\"@context\":\"https:\/\/schema.org\",\"@graph\":[{\"@type\":\"WebPage\",\"@id\":\"https:\/\/normgas.com\/?product=infrared-kumandali\",\"url\":\"https:\/\/normgas.com\/?product=infrared-kumandali\",\"name\":\"MTN-ES 2000w Siyah Kumandal\u0131 - Normgas\",\"isPartOf\":{\"@id\":\"http:\/\/normgas.com\/#website\"},\"datePublished\":\"2022-11-14T21:55:21+00:00\",\"dateModified\":\"2026-04-29T12:13:59+00:00\",\"breadcrumb\":{\"@id\":\"https:\/\/normgas.com\/?product=infrared-kumandali#breadcrumb\"},\"inLanguage\":\"tr\",\"potentialAction\":[{\"@type\":\"ReadAction\",\"target\":[\"https:\/\/normgas.com\/?product=infrared-kumandali\"]}]},{\"@type\":\"BreadcrumbList\",\"@id\":\"https:\/\/normgas.com\/?product=infrared-kumandali#breadcrumb\",\"itemListElement\":[{\"@type\":\"ListItem\",\"position\":1,\"name\":\"Home\",\"item\":\"https:\/\/normgas.com\/\"},{\"@type\":\"ListItem\",\"position\":2,\"name\":\"\u00dcr\u00fcnler\",\"item\":\"http:\/\/normgas.com\/?page_id=1705\"},{\"@type\":\"ListItem\",\"position\":3,\"name\":\"MTN-ES 2000w Siyah Kumandal\u0131\"}]},{\"@type\":\"WebSite\",\"@id\":\"http:\/\/normgas.com\/#website\",\"url\":\"http:\/\/normgas.com\/\",\"name\":\"Normgas\",\"description\":\"Heating Systems\",\"publisher\":{\"@id\":\"http:\/\/normgas.com\/#organization\"},\"potentialAction\":[{\"@type\":\"SearchAction\",\"target\":{\"@type\":\"EntryPoint\",\"urlTemplate\":\"http:\/\/normgas.com\/?s={search_term_string}\"},\"query-input\":\"required name=search_term_string\"}],\"inLanguage\":\"tr\"},{\"@type\":\"Organization\",\"@id\":\"http:\/\/normgas.com\/#organization\",\"name\":\"Normgas\",\"url\":\"http:\/\/normgas.com\/\",\"sameAs\":[],\"logo\":{\"@type\":\"ImageObject\",\"inLanguage\":\"tr\",\"@id\":\"http:\/\/normgas.com\/#\/schema\/logo\/image\/\",\"url\":\"https:\/\/normgas.com\/wp-content\/uploads\/2022\/11\/cropped-cropped-normgas-heating-systems-4-1-1.png\",\"contentUrl\":\"https:\/\/normgas.com\/wp-content\/uploads\/2022\/11\/cropped-cropped-normgas-heating-systems-4-1-1.png\",\"width\":285,\"height\":127,\"caption\":\"Normgas\"},\"image\":{\"@id\":\"http:\/\/normgas.com\/#\/schema\/logo\/image\/\"}}]}<\/script>\n<!-- \/ Yoast SEO plugin. -->","yoast_head_json":{"title":"MTN-ES 2000w Siyah Kumandal\u0131 - Normgas","robots":{"index":"index","follow":"follow","max-snippet":"max-snippet:-1","max-image-preview":"max-image-preview:large","max-video-preview":"max-video-preview:-1"},"canonical":"https:\/\/normgas.com\/?product=infrared-kumandali","og_locale":"tr_TR","og_type":"article","og_title":"MTN-ES 2000w Siyah Kumandal\u0131 - Normgas","og_description":"Infrared Is\u0131tma \u00f6zelli\u011fi:   Infrared Is\u0131tmaya \u00f6rnek vermek gerekirse d\u00fcnyam\u0131z\u0131n \u0131s\u0131nma kayna\u011f\u0131 olan g\u00fcne\u015fin verebiliriz,g\u00fcne\u015fin d\u00fcnyam\u0131z\u0131 \u0131s\u0131tt\u0131\u011f\u0131 gibi bir \u0131s\u0131tma ger\u00e7ekle\u015fir. \u00dcrettimini yapt\u0131\u011f\u0131m\u0131z infrared \u0131s\u0131t\u0131c\u0131lar geni\u015f alanlarda kullan\u0131lmakta yar\u0131 a\u00e7\u0131k ve a\u00e7\u0131k alanlarda,r\u00fczgarl\u0131 ya\u011fmurlu ve hatta karl\u0131 havalarda bile verimli bir \u015fekilde \u00e7al\u0131\u015fmaktad\u0131r.   Kullan\u0131m alan\u0131 olarak Cafeler,restorantlar,Camiler,spor salonlar\u0131,fabrika v.b. bir\u00e7ok alanda kullan\u0131labilir. Bizim kulland\u0131\u011f\u0131m\u0131z Halojen lambalar k\u0131sa dalga yayan \u0131s\u0131t\u0131c\u0131lard\u0131r a\u00e7\u0131ld\u0131\u011f\u0131 anda %90\u2019a yak\u0131n kar\u015f\u0131s\u0131ndaki y\u00fczeye etki eder.","og_url":"https:\/\/normgas.com\/?product=infrared-kumandali","og_site_name":"Normgas","article_modified_time":"2026-04-29T12:13:59+00:00","og_image":[{"width":2500,"height":2500,"url":"http:\/\/normgas.com\/wp-content\/uploads\/2022\/11\/MTN-ES-2000W.png","type":"image\/png"}],"twitter_card":"summary_large_image","twitter_misc":{"Tahmini okuma s\u00fcresi":"1 dakika"},"schema":{"@context":"https:\/\/schema.org","@graph":[{"@type":"WebPage","@id":"https:\/\/normgas.com\/?product=infrared-kumandali","url":"https:\/\/normgas.com\/?product=infrared-kumandali","name":"MTN-ES 2000w Siyah Kumandal\u0131 - Normgas","isPartOf":{"@id":"http:\/\/normgas.com\/#website"},"datePublished":"2022-11-14T21:55:21+00:00","dateModified":"2026-04-29T12:13:59+00:00","breadcrumb":{"@id":"https:\/\/normgas.com\/?product=infrared-kumandali#breadcrumb"},"inLanguage":"tr","potentialAction":[{"@type":"ReadAction","target":["https:\/\/normgas.com\/?product=infrared-kumandali"]}]},{"@type":"BreadcrumbList","@id":"https:\/\/normgas.com\/?product=infrared-kumandali#breadcrumb","itemListElement":[{"@type":"ListItem","position":1,"name":"Home","item":"https:\/\/normgas.com\/"},{"@type":"ListItem","position":2,"name":"\u00dcr\u00fcnler","item":"http:\/\/normgas.com\/?page_id=1705"},{"@type":"ListItem","position":3,"name":"MTN-ES 2000w Siyah Kumandal\u0131"}]},{"@type":"WebSite","@id":"http:\/\/normgas.com\/#website","url":"http:\/\/normgas.com\/","name":"Normgas","description":"Heating Systems","publisher":{"@id":"http:\/\/normgas.com\/#organization"},"potentialAction":[{"@type":"SearchAction","target":{"@type":"EntryPoint","urlTemplate":"http:\/\/normgas.com\/?s={search_term_string}"},"query-input":"required name=search_term_string"}],"inLanguage":"tr"},{"@type":"Organization","@id":"http:\/\/normgas.com\/#organization","name":"Normgas","url":"http:\/\/normgas.com\/","sameAs":[],"logo":{"@type":"ImageObject","inLanguage":"tr","@id":"http:\/\/normgas.com\/#\/schema\/logo\/image\/","url":"https:\/\/normgas.com\/wp-content\/uploads\/2022\/11\/cropped-cropped-normgas-heating-systems-4-1-1.png","contentUrl":"https:\/\/normgas.com\/wp-content\/uploads\/2022\/11\/cropped-cropped-normgas-heating-systems-4-1-1.png","width":285,"height":127,"caption":"Normgas"},"image":{"@id":"http:\/\/normgas.com\/#\/schema\/logo\/image\/"}}]}},"_links":{"self":[{"href":"https:\/\/normgas.com\/index.php?rest_route=\/wp\/v2\/product\/4485"}],"collection":[{"href":"https:\/\/normgas.com\/index.php?rest_route=\/wp\/v2\/product"}],"about":[{"href":"https:\/\/normgas.com\/index.php?rest_route=\/wp\/v2\/types\/product"}],"replies":[{"embeddable":true,"href":"https:\/\/normgas.com\/index.php?rest_route=%2Fwp%2Fv2%2Fcomments&post=4485"}],"wp:featuredmedia":[{"embeddable":true,"href":"https:\/\/normgas.com\/index.php?rest_route=\/wp\/v2\/media\/4487"}],"wp:attachment":[{"href":"https:\/\/normgas.com\/index.php?rest_route=%2Fwp%2Fv2%2Fmedia&parent=4485"}],"wp:term":[{"taxonomy":"product_cat","embeddable":true,"href":"https:\/\/normgas.com\/index.php?rest_route=%2Fwp%2Fv2%2Fproduct_cat&post=4485"},{"taxonomy":"product_tag","embeddable":true,"href":"https:\/\/normgas.com\/index.php?rest_route=%2Fwp%2Fv2%2Fproduct_tag&post=4485"}],"curies":[{"name":"wp","href":"https:\/\/api.w.org\/{rel}","templated":true}]}}