{"id":4483,"date":"2022-11-15T00:49:04","date_gmt":"2022-11-14T21:49:04","guid":{"rendered":"http:\/\/normgas.com\/?post_type=product&#038;p=4483"},"modified":"2025-12-31T13:18:59","modified_gmt":"2025-12-31T10:18:59","slug":"cafe-tipi-infrared-isitici","status":"publish","type":"product","link":"https:\/\/normgas.com\/?product=cafe-tipi-infrared-isitici","title":{"rendered":"MTN-ES 3000w Beyaz Kumandal\u0131"},"content":{"rendered":"<ul>\n<li>3000W A\u00e7\u0131k Alan Is\u0131tma Sistemi<\/li>\n<li>\u0130nfrared Uzun \u00d6m\u00fcrl\u00fc Lamba<\/li>\n<li>2 Y\u0131l \u0130malat\u00e7\u0131 Garantisi<\/li>\n<li>Ortalama 5000 Saat \u00c7al\u0131\u015fma \u00d6mr\u00fc<\/li>\n<li>Kafe, Restoran, Fabrika, Kafeterya, Depo, At\u00f6lye, Seralar, Tatil K\u00f6yleri, Spor Salonlar\u0131, Hayvan \u00c7iftlikleri, Bah\u00e7e ve \u0130badethaneler i\u00e7in Uygundur<\/li>\n<li>Bak\u0131ma \u0130htiyac\u0131 Yoktur Ekonomiktir<\/li>\n<li>\u00dcst \u015eapkas\u0131 sayesinde Ya\u011fmurdan ve R\u00fczgardan Etkilenmez<\/li>\n<li>5 kademeli Uzaktan Kumandal\u0131 yada Manuel kullan\u0131m kolayl\u0131\u011f\u0131<\/li>\n<li>Ayarlanabilir Ergonomik Ba\u011flant\u0131 Sistemi<\/li>\n<li>\u00d6zel Renkler<\/li>\n<\/ul>\n","protected":false},"excerpt":{"rendered":"<div><strong>Infrared Is\u0131tma \u00f6zelli\u011fi:<\/strong><\/div>\n<div>\n<p>Infrared Is\u0131tmaya \u00f6rnek vermek gerekirse d\u00fcnyam\u0131z\u0131n \u0131s\u0131nma kayna\u011f\u0131 olan g\u00fcne\u015fin verebiliriz,g\u00fcne\u015fin d\u00fcnyam\u0131z\u0131 \u0131s\u0131tt\u0131\u011f\u0131 gibi bir \u0131s\u0131tma ger\u00e7ekle\u015fir. \u00dcrettimini yapt\u0131\u011f\u0131m\u0131z infrared \u0131s\u0131t\u0131c\u0131lar geni\u015f alanlarda kullan\u0131lmakta yar\u0131 a\u00e7\u0131k ve a\u00e7\u0131k alanlarda,r\u00fczgarl\u0131 ya\u011fmurlu ve hatta karl\u0131 havalarda bile verimli bir \u015fekilde \u00e7al\u0131\u015fmaktad\u0131r.<\/p>\n<\/div>\n<div>Kullan\u0131m alan\u0131 olarak Cafeler,restorantlar,Camiler,spor salonlar\u0131,fabrika v.b. bir\u00e7ok alanda kullan\u0131labilir. Bizim kulland\u0131\u011f\u0131m\u0131z Halojen lambalar k\u0131sa dalga yayan \u0131s\u0131t\u0131c\u0131lard\u0131r a\u00e7\u0131ld\u0131\u011f\u0131 anda %90\u2019a yak\u0131n kar\u015f\u0131s\u0131ndaki y\u00fczeye etki eder.<\/div>\n","protected":false},"featured_media":4484,"comment_status":"open","ping_status":"closed","template":"","meta":[],"product_cat":[49],"product_tag":[],"yoast_head":"<!-- This site is optimized with the Yoast SEO plugin v19.8 - https:\/\/yoast.com\/wordpress\/plugins\/seo\/ -->\n<title>MTN-ES 3000w Beyaz Kumandal\u0131 - Normgas<\/title>\n<meta name=\"robots\" content=\"index, follow, max-snippet:-1, max-image-preview:large, max-video-preview:-1\" \/>\n<link rel=\"canonical\" href=\"https:\/\/normgas.com\/?product=cafe-tipi-infrared-isitici\" \/>\n<meta property=\"og:locale\" content=\"tr_TR\" \/>\n<meta property=\"og:type\" content=\"article\" \/>\n<meta property=\"og:title\" content=\"MTN-ES 3000w Beyaz Kumandal\u0131 - Normgas\" \/>\n<meta property=\"og:description\" content=\"Infrared Is\u0131tma \u00f6zelli\u011fi:   Infrared Is\u0131tmaya \u00f6rnek vermek gerekirse d\u00fcnyam\u0131z\u0131n \u0131s\u0131nma kayna\u011f\u0131 olan g\u00fcne\u015fin verebiliriz,g\u00fcne\u015fin d\u00fcnyam\u0131z\u0131 \u0131s\u0131tt\u0131\u011f\u0131 gibi bir \u0131s\u0131tma ger\u00e7ekle\u015fir. \u00dcrettimini yapt\u0131\u011f\u0131m\u0131z infrared \u0131s\u0131t\u0131c\u0131lar geni\u015f alanlarda kullan\u0131lmakta yar\u0131 a\u00e7\u0131k ve a\u00e7\u0131k alanlarda,r\u00fczgarl\u0131 ya\u011fmurlu ve hatta karl\u0131 havalarda bile verimli bir \u015fekilde \u00e7al\u0131\u015fmaktad\u0131r.   Kullan\u0131m alan\u0131 olarak Cafeler,restorantlar,Camiler,spor salonlar\u0131,fabrika v.b. bir\u00e7ok alanda kullan\u0131labilir. Bizim kulland\u0131\u011f\u0131m\u0131z Halojen lambalar k\u0131sa dalga yayan \u0131s\u0131t\u0131c\u0131lard\u0131r a\u00e7\u0131ld\u0131\u011f\u0131 anda %90\u2019a yak\u0131n kar\u015f\u0131s\u0131ndaki y\u00fczeye etki eder.\" \/>\n<meta property=\"og:url\" content=\"https:\/\/normgas.com\/?product=cafe-tipi-infrared-isitici\" \/>\n<meta property=\"og:site_name\" content=\"Normgas\" \/>\n<meta property=\"article:modified_time\" content=\"2025-12-31T10:18:59+00:00\" \/>\n<meta property=\"og:image\" content=\"http:\/\/normgas.com\/wp-content\/uploads\/2022\/11\/10.png\" \/>\n\t<meta property=\"og:image:width\" content=\"3699\" \/>\n\t<meta property=\"og:image:height\" content=\"3699\" \/>\n\t<meta property=\"og:image:type\" content=\"image\/png\" \/>\n<meta name=\"twitter:card\" content=\"summary_large_image\" \/>\n<meta name=\"twitter:label1\" content=\"Tahmini okuma s\u00fcresi\" \/>\n\t<meta name=\"twitter:data1\" content=\"1 dakika\" \/>\n<script type=\"application\/ld+json\" class=\"yoast-schema-graph\">{\"@context\":\"https:\/\/schema.org\",\"@graph\":[{\"@type\":\"WebPage\",\"@id\":\"https:\/\/normgas.com\/?product=cafe-tipi-infrared-isitici\",\"url\":\"https:\/\/normgas.com\/?product=cafe-tipi-infrared-isitici\",\"name\":\"MTN-ES 3000w Beyaz Kumandal\u0131 - Normgas\",\"isPartOf\":{\"@id\":\"http:\/\/normgas.com\/#website\"},\"datePublished\":\"2022-11-14T21:49:04+00:00\",\"dateModified\":\"2025-12-31T10:18:59+00:00\",\"breadcrumb\":{\"@id\":\"https:\/\/normgas.com\/?product=cafe-tipi-infrared-isitici#breadcrumb\"},\"inLanguage\":\"tr\",\"potentialAction\":[{\"@type\":\"ReadAction\",\"target\":[\"https:\/\/normgas.com\/?product=cafe-tipi-infrared-isitici\"]}]},{\"@type\":\"BreadcrumbList\",\"@id\":\"https:\/\/normgas.com\/?product=cafe-tipi-infrared-isitici#breadcrumb\",\"itemListElement\":[{\"@type\":\"ListItem\",\"position\":1,\"name\":\"Home\",\"item\":\"https:\/\/normgas.com\/\"},{\"@type\":\"ListItem\",\"position\":2,\"name\":\"\u00dcr\u00fcnler\",\"item\":\"http:\/\/normgas.com\/?page_id=1705\"},{\"@type\":\"ListItem\",\"position\":3,\"name\":\"MTN-ES 3000w Beyaz Kumandal\u0131\"}]},{\"@type\":\"WebSite\",\"@id\":\"http:\/\/normgas.com\/#website\",\"url\":\"http:\/\/normgas.com\/\",\"name\":\"Normgas\",\"description\":\"Heating Systems\",\"publisher\":{\"@id\":\"http:\/\/normgas.com\/#organization\"},\"potentialAction\":[{\"@type\":\"SearchAction\",\"target\":{\"@type\":\"EntryPoint\",\"urlTemplate\":\"http:\/\/normgas.com\/?s={search_term_string}\"},\"query-input\":\"required name=search_term_string\"}],\"inLanguage\":\"tr\"},{\"@type\":\"Organization\",\"@id\":\"http:\/\/normgas.com\/#organization\",\"name\":\"Normgas\",\"url\":\"http:\/\/normgas.com\/\",\"sameAs\":[],\"logo\":{\"@type\":\"ImageObject\",\"inLanguage\":\"tr\",\"@id\":\"http:\/\/normgas.com\/#\/schema\/logo\/image\/\",\"url\":\"https:\/\/normgas.com\/wp-content\/uploads\/2022\/11\/cropped-cropped-normgas-heating-systems-4-1-1.png\",\"contentUrl\":\"https:\/\/normgas.com\/wp-content\/uploads\/2022\/11\/cropped-cropped-normgas-heating-systems-4-1-1.png\",\"width\":285,\"height\":127,\"caption\":\"Normgas\"},\"image\":{\"@id\":\"http:\/\/normgas.com\/#\/schema\/logo\/image\/\"}}]}<\/script>\n<!-- \/ Yoast SEO plugin. -->","yoast_head_json":{"title":"MTN-ES 3000w Beyaz Kumandal\u0131 - Normgas","robots":{"index":"index","follow":"follow","max-snippet":"max-snippet:-1","max-image-preview":"max-image-preview:large","max-video-preview":"max-video-preview:-1"},"canonical":"https:\/\/normgas.com\/?product=cafe-tipi-infrared-isitici","og_locale":"tr_TR","og_type":"article","og_title":"MTN-ES 3000w Beyaz Kumandal\u0131 - Normgas","og_description":"Infrared Is\u0131tma \u00f6zelli\u011fi:   Infrared Is\u0131tmaya \u00f6rnek vermek gerekirse d\u00fcnyam\u0131z\u0131n \u0131s\u0131nma kayna\u011f\u0131 olan g\u00fcne\u015fin verebiliriz,g\u00fcne\u015fin d\u00fcnyam\u0131z\u0131 \u0131s\u0131tt\u0131\u011f\u0131 gibi bir \u0131s\u0131tma ger\u00e7ekle\u015fir. \u00dcrettimini yapt\u0131\u011f\u0131m\u0131z infrared \u0131s\u0131t\u0131c\u0131lar geni\u015f alanlarda kullan\u0131lmakta yar\u0131 a\u00e7\u0131k ve a\u00e7\u0131k alanlarda,r\u00fczgarl\u0131 ya\u011fmurlu ve hatta karl\u0131 havalarda bile verimli bir \u015fekilde \u00e7al\u0131\u015fmaktad\u0131r.   Kullan\u0131m alan\u0131 olarak Cafeler,restorantlar,Camiler,spor salonlar\u0131,fabrika v.b. bir\u00e7ok alanda kullan\u0131labilir. Bizim kulland\u0131\u011f\u0131m\u0131z Halojen lambalar k\u0131sa dalga yayan \u0131s\u0131t\u0131c\u0131lard\u0131r a\u00e7\u0131ld\u0131\u011f\u0131 anda %90\u2019a yak\u0131n kar\u015f\u0131s\u0131ndaki y\u00fczeye etki eder.","og_url":"https:\/\/normgas.com\/?product=cafe-tipi-infrared-isitici","og_site_name":"Normgas","article_modified_time":"2025-12-31T10:18:59+00:00","og_image":[{"width":3699,"height":3699,"url":"http:\/\/normgas.com\/wp-content\/uploads\/2022\/11\/10.png","type":"image\/png"}],"twitter_card":"summary_large_image","twitter_misc":{"Tahmini okuma s\u00fcresi":"1 dakika"},"schema":{"@context":"https:\/\/schema.org","@graph":[{"@type":"WebPage","@id":"https:\/\/normgas.com\/?product=cafe-tipi-infrared-isitici","url":"https:\/\/normgas.com\/?product=cafe-tipi-infrared-isitici","name":"MTN-ES 3000w Beyaz Kumandal\u0131 - Normgas","isPartOf":{"@id":"http:\/\/normgas.com\/#website"},"datePublished":"2022-11-14T21:49:04+00:00","dateModified":"2025-12-31T10:18:59+00:00","breadcrumb":{"@id":"https:\/\/normgas.com\/?product=cafe-tipi-infrared-isitici#breadcrumb"},"inLanguage":"tr","potentialAction":[{"@type":"ReadAction","target":["https:\/\/normgas.com\/?product=cafe-tipi-infrared-isitici"]}]},{"@type":"BreadcrumbList","@id":"https:\/\/normgas.com\/?product=cafe-tipi-infrared-isitici#breadcrumb","itemListElement":[{"@type":"ListItem","position":1,"name":"Home","item":"https:\/\/normgas.com\/"},{"@type":"ListItem","position":2,"name":"\u00dcr\u00fcnler","item":"http:\/\/normgas.com\/?page_id=1705"},{"@type":"ListItem","position":3,"name":"MTN-ES 3000w Beyaz Kumandal\u0131"}]},{"@type":"WebSite","@id":"http:\/\/normgas.com\/#website","url":"http:\/\/normgas.com\/","name":"Normgas","description":"Heating Systems","publisher":{"@id":"http:\/\/normgas.com\/#organization"},"potentialAction":[{"@type":"SearchAction","target":{"@type":"EntryPoint","urlTemplate":"http:\/\/normgas.com\/?s={search_term_string}"},"query-input":"required name=search_term_string"}],"inLanguage":"tr"},{"@type":"Organization","@id":"http:\/\/normgas.com\/#organization","name":"Normgas","url":"http:\/\/normgas.com\/","sameAs":[],"logo":{"@type":"ImageObject","inLanguage":"tr","@id":"http:\/\/normgas.com\/#\/schema\/logo\/image\/","url":"https:\/\/normgas.com\/wp-content\/uploads\/2022\/11\/cropped-cropped-normgas-heating-systems-4-1-1.png","contentUrl":"https:\/\/normgas.com\/wp-content\/uploads\/2022\/11\/cropped-cropped-normgas-heating-systems-4-1-1.png","width":285,"height":127,"caption":"Normgas"},"image":{"@id":"http:\/\/normgas.com\/#\/schema\/logo\/image\/"}}]}},"_links":{"self":[{"href":"https:\/\/normgas.com\/index.php?rest_route=\/wp\/v2\/product\/4483"}],"collection":[{"href":"https:\/\/normgas.com\/index.php?rest_route=\/wp\/v2\/product"}],"about":[{"href":"https:\/\/normgas.com\/index.php?rest_route=\/wp\/v2\/types\/product"}],"replies":[{"embeddable":true,"href":"https:\/\/normgas.com\/index.php?rest_route=%2Fwp%2Fv2%2Fcomments&post=4483"}],"wp:featuredmedia":[{"embeddable":true,"href":"https:\/\/normgas.com\/index.php?rest_route=\/wp\/v2\/media\/4484"}],"wp:attachment":[{"href":"https:\/\/normgas.com\/index.php?rest_route=%2Fwp%2Fv2%2Fmedia&parent=4483"}],"wp:term":[{"taxonomy":"product_cat","embeddable":true,"href":"https:\/\/normgas.com\/index.php?rest_route=%2Fwp%2Fv2%2Fproduct_cat&post=4483"},{"taxonomy":"product_tag","embeddable":true,"href":"https:\/\/normgas.com\/index.php?rest_route=%2Fwp%2Fv2%2Fproduct_tag&post=4483"}],"curies":[{"name":"wp","href":"https:\/\/api.w.org\/{rel}","templated":true}]}}