{"id":1760,"date":"2017-11-22T08:31:57","date_gmt":"2017-11-22T05:31:57","guid":{"rendered":"http:\/\/partsstore.demo.local\/index.php\/compare\/"},"modified":"2022-11-24T21:23:55","modified_gmt":"2022-11-24T18:23:55","slug":"compare","status":"publish","type":"page","link":"https:\/\/normgas.com\/?page_id=1760","title":{"rendered":"\u00dcr\u00fcn Kar\u015f\u0131la\u015ft\u0131rma"},"content":{"rendered":"<div class=\"woosw-list\"><div class=\"woosw-popup-content-mid-massage\">\u0130stek Listesinde \u00fcr\u00fcn yok!<\/div><div class=\"woosw-actions\"><div class=\"woosw-copy\"><span class=\"woosw-copy-label\">Wishlist link:<\/span><span class=\"woosw-copy-url\"><input id=\"woosw_copy_url\" type=\"url\" value=\"https:\/\/normgas.com\/?page_id=1760&#038;woosw_id=WOOSW\" readonly\/><\/span><span class=\"woosw-copy-btn\"><input id=\"woosw_copy_btn\" type=\"button\" value=\"Copy\"\/><\/span><\/div><!-- \/woosw-copy --><\/div><!-- \/woosw-actions --><\/div><!-- \/woosw-list -->\n","protected":false},"excerpt":{"rendered":"","protected":false},"author":1,"featured_media":0,"parent":0,"menu_order":0,"comment_status":"closed","ping_status":"closed","template":"","meta":[],"yoast_head":"<!-- This site is optimized with the Yoast SEO plugin v19.8 - https:\/\/yoast.com\/wordpress\/plugins\/seo\/ -->\n<title>\u00dcr\u00fcn Kar\u015f\u0131la\u015ft\u0131rma - Normgas<\/title>\n<meta name=\"robots\" content=\"index, follow, max-snippet:-1, max-image-preview:large, max-video-preview:-1\" \/>\n<link rel=\"canonical\" href=\"http:\/\/normgas.com\/?page_id=1760\" \/>\n<meta property=\"og:locale\" content=\"tr_TR\" \/>\n<meta property=\"og:type\" content=\"article\" \/>\n<meta property=\"og:title\" content=\"\u00dcr\u00fcn Kar\u015f\u0131la\u015ft\u0131rma - Normgas\" \/>\n<meta property=\"og:url\" content=\"http:\/\/normgas.com\/?page_id=1760\" \/>\n<meta property=\"og:site_name\" content=\"Normgas\" \/>\n<meta property=\"article:modified_time\" content=\"2022-11-24T18:23:55+00:00\" \/>\n<meta name=\"twitter:card\" content=\"summary_large_image\" \/>\n<script type=\"application\/ld+json\" class=\"yoast-schema-graph\">{\"@context\":\"https:\/\/schema.org\",\"@graph\":[{\"@type\":\"WebPage\",\"@id\":\"http:\/\/normgas.com\/?page_id=1760\",\"url\":\"http:\/\/normgas.com\/?page_id=1760\",\"name\":\"\u00dcr\u00fcn Kar\u015f\u0131la\u015ft\u0131rma - Normgas\",\"isPartOf\":{\"@id\":\"http:\/\/normgas.com\/#website\"},\"datePublished\":\"2017-11-22T05:31:57+00:00\",\"dateModified\":\"2022-11-24T18:23:55+00:00\",\"breadcrumb\":{\"@id\":\"http:\/\/normgas.com\/?page_id=1760#breadcrumb\"},\"inLanguage\":\"tr\",\"potentialAction\":[{\"@type\":\"ReadAction\",\"target\":[\"http:\/\/normgas.com\/?page_id=1760\"]}]},{\"@type\":\"BreadcrumbList\",\"@id\":\"http:\/\/normgas.com\/?page_id=1760#breadcrumb\",\"itemListElement\":[{\"@type\":\"ListItem\",\"position\":1,\"name\":\"Home\",\"item\":\"https:\/\/normgas.com\/\"},{\"@type\":\"ListItem\",\"position\":2,\"name\":\"\u00dcr\u00fcn Kar\u015f\u0131la\u015ft\u0131rma\"}]},{\"@type\":\"WebSite\",\"@id\":\"http:\/\/normgas.com\/#website\",\"url\":\"http:\/\/normgas.com\/\",\"name\":\"Normgas\",\"description\":\"Heating Systems\",\"publisher\":{\"@id\":\"http:\/\/normgas.com\/#organization\"},\"potentialAction\":[{\"@type\":\"SearchAction\",\"target\":{\"@type\":\"EntryPoint\",\"urlTemplate\":\"http:\/\/normgas.com\/?s={search_term_string}\"},\"query-input\":\"required name=search_term_string\"}],\"inLanguage\":\"tr\"},{\"@type\":\"Organization\",\"@id\":\"http:\/\/normgas.com\/#organization\",\"name\":\"Normgas\",\"url\":\"http:\/\/normgas.com\/\",\"sameAs\":[],\"logo\":{\"@type\":\"ImageObject\",\"inLanguage\":\"tr\",\"@id\":\"http:\/\/normgas.com\/#\/schema\/logo\/image\/\",\"url\":\"https:\/\/normgas.com\/wp-content\/uploads\/2022\/11\/cropped-cropped-normgas-heating-systems-4-1-1.png\",\"contentUrl\":\"https:\/\/normgas.com\/wp-content\/uploads\/2022\/11\/cropped-cropped-normgas-heating-systems-4-1-1.png\",\"width\":285,\"height\":127,\"caption\":\"Normgas\"},\"image\":{\"@id\":\"http:\/\/normgas.com\/#\/schema\/logo\/image\/\"}}]}<\/script>\n<!-- \/ Yoast SEO plugin. -->","yoast_head_json":{"title":"\u00dcr\u00fcn Kar\u015f\u0131la\u015ft\u0131rma - Normgas","robots":{"index":"index","follow":"follow","max-snippet":"max-snippet:-1","max-image-preview":"max-image-preview:large","max-video-preview":"max-video-preview:-1"},"canonical":"http:\/\/normgas.com\/?page_id=1760","og_locale":"tr_TR","og_type":"article","og_title":"\u00dcr\u00fcn Kar\u015f\u0131la\u015ft\u0131rma - Normgas","og_url":"http:\/\/normgas.com\/?page_id=1760","og_site_name":"Normgas","article_modified_time":"2022-11-24T18:23:55+00:00","twitter_card":"summary_large_image","schema":{"@context":"https:\/\/schema.org","@graph":[{"@type":"WebPage","@id":"http:\/\/normgas.com\/?page_id=1760","url":"http:\/\/normgas.com\/?page_id=1760","name":"\u00dcr\u00fcn Kar\u015f\u0131la\u015ft\u0131rma - Normgas","isPartOf":{"@id":"http:\/\/normgas.com\/#website"},"datePublished":"2017-11-22T05:31:57+00:00","dateModified":"2022-11-24T18:23:55+00:00","breadcrumb":{"@id":"http:\/\/normgas.com\/?page_id=1760#breadcrumb"},"inLanguage":"tr","potentialAction":[{"@type":"ReadAction","target":["http:\/\/normgas.com\/?page_id=1760"]}]},{"@type":"BreadcrumbList","@id":"http:\/\/normgas.com\/?page_id=1760#breadcrumb","itemListElement":[{"@type":"ListItem","position":1,"name":"Home","item":"https:\/\/normgas.com\/"},{"@type":"ListItem","position":2,"name":"\u00dcr\u00fcn Kar\u015f\u0131la\u015ft\u0131rma"}]},{"@type":"WebSite","@id":"http:\/\/normgas.com\/#website","url":"http:\/\/normgas.com\/","name":"Normgas","description":"Heating Systems","publisher":{"@id":"http:\/\/normgas.com\/#organization"},"potentialAction":[{"@type":"SearchAction","target":{"@type":"EntryPoint","urlTemplate":"http:\/\/normgas.com\/?s={search_term_string}"},"query-input":"required name=search_term_string"}],"inLanguage":"tr"},{"@type":"Organization","@id":"http:\/\/normgas.com\/#organization","name":"Normgas","url":"http:\/\/normgas.com\/","sameAs":[],"logo":{"@type":"ImageObject","inLanguage":"tr","@id":"http:\/\/normgas.com\/#\/schema\/logo\/image\/","url":"https:\/\/normgas.com\/wp-content\/uploads\/2022\/11\/cropped-cropped-normgas-heating-systems-4-1-1.png","contentUrl":"https:\/\/normgas.com\/wp-content\/uploads\/2022\/11\/cropped-cropped-normgas-heating-systems-4-1-1.png","width":285,"height":127,"caption":"Normgas"},"image":{"@id":"http:\/\/normgas.com\/#\/schema\/logo\/image\/"}}]}},"_links":{"self":[{"href":"https:\/\/normgas.com\/index.php?rest_route=\/wp\/v2\/pages\/1760"}],"collection":[{"href":"https:\/\/normgas.com\/index.php?rest_route=\/wp\/v2\/pages"}],"about":[{"href":"https:\/\/normgas.com\/index.php?rest_route=\/wp\/v2\/types\/page"}],"author":[{"embeddable":true,"href":"https:\/\/normgas.com\/index.php?rest_route=\/wp\/v2\/users\/1"}],"replies":[{"embeddable":true,"href":"https:\/\/normgas.com\/index.php?rest_route=%2Fwp%2Fv2%2Fcomments&post=1760"}],"version-history":[{"count":2,"href":"https:\/\/normgas.com\/index.php?rest_route=\/wp\/v2\/pages\/1760\/revisions"}],"predecessor-version":[{"id":4754,"href":"https:\/\/normgas.com\/index.php?rest_route=\/wp\/v2\/pages\/1760\/revisions\/4754"}],"wp:attachment":[{"href":"https:\/\/normgas.com\/index.php?rest_route=%2Fwp%2Fv2%2Fmedia&parent=1760"}],"curies":[{"name":"wp","href":"https:\/\/api.w.org\/{rel}","templated":true}]}}